{"id":34,"date":"2014-10-25T19:59:40","date_gmt":"2014-10-25T18:59:40","guid":{"rendered":"http:\/\/harcownik.pl\/?page_id=34"},"modified":"2014-11-16T21:18:53","modified_gmt":"2014-11-16T20:18:53","slug":"kontakt","status":"publish","type":"page","link":"http:\/\/harcownik.pl\/?page_id=34","title":{"rendered":"Kontakt"},"content":{"rendered":"\n<!-- Facebook Like Button v1.9.6 BEGIN [http:\/\/blog.bottomlessinc.com] -->\n<iframe src=\"http:\/\/www.facebook.com\/plugins\/like.php?href=http%3A%2F%2Fharcownik.pl%2F%3Fpage_id%3D34&amp;layout=standard&amp;show_faces=false&amp;width=450&amp;action=like&amp;colorscheme=light\" scrolling=\"no\" frameborder=\"0\" allowTransparency=\"true\" style=\"border:none; overflow:hidden; width:450px; height: 30px; align: left; margin: 2px 0px 2px 0px\"><\/iframe>\n<!-- Facebook Like Button END -->\n<p>Zadzwo\u0144 na numer:  793 079 514<br \/>\nWy\u015blij email: harcownik.mail@gmail.com<\/p>\n<p>lub skorzystaj z poni\u017cszego formularza:<\/p>\n<div style=\"display:none\" class=\"fm-form-container fm-theme31\"><div id=\"fm-pages10\" class=\"fm-pages wdform_page_navigation \" show_title=\"false\" show_numbers=\"true\" type=\"none\"><\/div><form name=\"form10\" action=\"\/index.php?rest_route=%2Fwp%2Fv2%2Fpages%2F34\" method=\"post\" id=\"form10\" class=\"fm-form form10  \" enctype=\"multipart\/form-data\"><input type=\"hidden\" id=\"counter10\" value=\"7\" name=\"counter10\" \/><input type=\"hidden\" id=\"Itemid10\" value=\"\" name=\"Itemid10\" \/><input type=\"text\" class=\"fm-hide\" id=\"fm_bot_validation10\" value=\"\" name=\"fm_bot_validation10\" \/><input type=\"text\" class=\"fm-hide\" id=\"fm_empty_field_validation10\" value=\"\" name=\"fm_empty_field_validation10\" data-value=\"9181e13af10202eee5ae426bb1bc05e0\" \/><input type=\"hidden\" id=\"fm_form_nonce10\" name=\"fm_form_nonce10\" value=\"a7e74754ef\" \/><input type=\"hidden\" name=\"_wp_http_referer\" value=\"\/index.php?rest_route=%2Fwp%2Fv2%2Fpages%2F34\" \/><div class=\"wdform-page-and-images\" style=\"border-top-color: black; border-top-width: 0px; border-top-style: solid; display: table;\"><div class=\"wdform_page\" id=\"10form_view1\" page_title=\"Untitled page\" next_title=\"Next\" next_type=\"text\" next_class=\"wdform-page-button\" next_checkable=\"false\" previous_title=\"Previous\" previous_type=\"text\" previous_class=\"wdform-page-button\" previous_checkable=\"false\"><div class=\"wdform_section\"><div class=\"wdform_column \"><div class=\"wdform_row \" wdid=\"1\"><div type=\"type_editor\" class=\"wdform-field\"><div><h2>Napisz do nas<br><\/h2><\/div><p><\/p><\/div><\/div><div class=\"wdform_row \" wdid=\"2\"><div type=\"type_name\" class=\"wdform-field wd-width-100 wd-flex wd-flex-row\"><div class=\"wdform-label-section wd-width-30  wd-flex-row\" style=\"max-width: 150px;\">    <label  for=\"wdform_2_element_first10\" class=\"wdform-label\">imi\u0119 i nazwisko:<\/label><span class=\"wdform-required\">*<\/span><\/div><div class=\"wdform-element-section wd-flex  wd-flex-row wd-width-70\" style=\"max-width: 195px;\"><div class=\"wd-flex wd-flex-column wd-width-50\"><input type=\"text\" class=\"wd-width-100\" id=\"wdform_2_element_first10\" name=\"wdform_2_element_first10\" value=\"\" title=\"\" placeholder=\"\"  \/><label class=\"mini_label\" for=\"wdform_2_element_first10\"><\/label><\/div><div class=\"wd-flex wd-flex-column wd-name-separator\"><\/div><div class=\"wd-flex wd-flex-column wd-width-50\"><input type=\"text\" class=\"wd-width-100\" id=\"wdform_2_element_last10\" name=\"wdform_2_element_last10\" value=\"\" title=\"\" placeholder=\"\"  \/><label class=\"mini_label\" for=\"wdform_2_element_last10\"><\/label><\/div><\/div><\/div><\/div><div class=\"wdform_row \" wdid=\"3\"><div type=\"type_submitter_mail\" class=\"wdform-field wd-width-100 wd-flex wd-flex-row\"><div class=\"wdform-label-section wd-width-30  wd-flex-row\" style=\"max-width: 150px;\">    <label  for=\"wdform_3_element10\" class=\"wdform-label\">E-mail:<\/label><span class=\"wdform-required\">*<\/span><\/div><div class=\"wdform-element-section wd-flex  wd-flex-row wd-width-70\" style=\"max-width: 400px;\"><input type=\"text\" class=\"wd-width-100\" id=\"wdform_3_element10\" name=\"wdform_3_element10\" value=\"ex: myname@example.com\" title=\"ex: myname@example.com\" placeholder=\"ex: myname@example.com\"   onchange=\"wd_check_email('3', '10', 'This is not a valid email address.')\" \/><\/div><\/div><\/div><div class=\"wdform_row \" wdid=\"4\"><div type=\"type_textarea\" class=\"wdform-field wd-width-100 wd-flex wd-flex-row\"><div class=\"wdform-label-section wd-width-30 \" style=\"max-width: 150px;\">    <label  for=\"wdform_4_element10\" class=\"wdform-label\">Wiadomo\u015b\u0107:<\/label><\/div><div class=\"wdform-element-section wd-flex  wd-width-70\" style=\"max-width: 400px;\"><textarea class=\"wd-width-100\"                      id=\"wdform_4_element10\"                      name=\"wdform_4_element10\"                      placeholder=\"\"                      style=\"height: 110px;\"                      ><\/textarea><\/div><\/div><\/div><div class=\"wdform_row \" wdid=\"5\"><div type=\"type_captcha\" class=\"wdform-field wd-width-100 wd-flex wd-flex-row\"><div class=\"wdform-label-section wd-width-30  wd-flex-row wd-align-items-center\" style=\"max-width: 150px;\">    <label  for=\"wd_captcha_input10\" class=\"wdform-label\">Przepisz znaki z obrazka:<\/label><\/div><div class=\"wdform-element-section wd-flex  wd-flex-row wd-align-items-center wd-width-70\" ><img type=\"captcha\"                           digit=\"6\"                           src=\" http:\/\/harcownik.pl\/wp-admin\/admin-ajax.php?action=formmakerwdcaptcha_fmc&nonce=33a911286f&digit=6&i=10\"                           id=\"wd_captcha10\"                           class=\"captcha_img wd-hidden\"                            \/><div class=\"captcha_refresh\" id=\"_element_refresh10\" ><\/div><input type=\"text\"                              class=\"captcha_input\"                              id=\"wd_captcha_input10\"                              name=\"captcha_input\"                              style=\"width: 80px;\"                               \/><\/div><\/div><\/div><div class=\"wdform_row \" wdid=\"6\"><div type=\"type_submit_reset\" class=\"wdform-field wd-width-100 wd-flex wd-flex-column\"><div class=\"wdform-element-section wd-flex  wd-flex-row wd-width-100\" ><button  type=\"button\" class=\"button-submit\" onclick=\"fm_submit_form('10');\"  data-ajax=\"0\"><span class=\"fm-submit-loading spinner fm-ico-spinner\"><\/span>Wy\u015blij<\/button><button  type=\"button\" class=\"button-reset \" onclick=\"fm_reset_form(10);\" >Wyczy\u015b\u0107<\/button><\/div><\/div><\/div><\/div><\/div><div class=\"wdform_footer\" style=\"width: 100%;\" valign=\"top\"><div style=\"width: 100%;\"><div style=\"width: 100%; display: table;\"><div style=\"display: table-row-group;\"><div id=\"10page_nav1\" style=\"display: table-row;\"><\/div><\/div><\/div><\/div><\/div><\/div><\/div><div class=\"wdform_preload\"><\/div><\/form><\/div>\n\n<!-- Facebook Like Button v1.9.6 BEGIN [http:\/\/blog.bottomlessinc.com] -->\n<iframe src=\"http:\/\/www.facebook.com\/plugins\/like.php?href=http%3A%2F%2Fharcownik.pl%2F%3Fpage_id%3D34&amp;layout=standard&amp;show_faces=false&amp;width=450&amp;action=like&amp;colorscheme=light\" scrolling=\"no\" frameborder=\"0\" allowTransparency=\"true\" style=\"border:none; overflow:hidden; width:450px; height: 30px; align: left; margin: 2px 0px 2px 0px\"><\/iframe>\n<!-- Facebook Like Button END -->\n","protected":false},"excerpt":{"rendered":"<p>Zadzwo\u0144 na numer: 793 079 514 Wy\u015blij email: harcownik.mail@gmail.com lub skorzystaj z poni\u017cszego formularza:<\/p>\n","protected":false},"author":1,"featured_media":0,"parent":0,"menu_order":0,"comment_status":"closed","ping_status":"open","template":"","meta":{"ngg_post_thumbnail":0,"jetpack_post_was_ever_published":false},"jetpack_sharing_enabled":true,"jetpack_shortlink":"https:\/\/wp.me\/P5gZNP-y","_links":{"self":[{"href":"http:\/\/harcownik.pl\/index.php?rest_route=\/wp\/v2\/pages\/34"}],"collection":[{"href":"http:\/\/harcownik.pl\/index.php?rest_route=\/wp\/v2\/pages"}],"about":[{"href":"http:\/\/harcownik.pl\/index.php?rest_route=\/wp\/v2\/types\/page"}],"author":[{"embeddable":true,"href":"http:\/\/harcownik.pl\/index.php?rest_route=\/wp\/v2\/users\/1"}],"replies":[{"embeddable":true,"href":"http:\/\/harcownik.pl\/index.php?rest_route=%2Fwp%2Fv2%2Fcomments&post=34"}],"version-history":[{"count":4,"href":"http:\/\/harcownik.pl\/index.php?rest_route=\/wp\/v2\/pages\/34\/revisions"}],"predecessor-version":[{"id":540,"href":"http:\/\/harcownik.pl\/index.php?rest_route=\/wp\/v2\/pages\/34\/revisions\/540"}],"wp:attachment":[{"href":"http:\/\/harcownik.pl\/index.php?rest_route=%2Fwp%2Fv2%2Fmedia&parent=34"}],"curies":[{"name":"wp","href":"https:\/\/api.w.org\/{rel}","templated":true}]}}